{"id":34436,"date":"2024-10-03T17:09:09","date_gmt":"2024-10-03T15:09:09","guid":{"rendered":"https:\/\/cielamuette.com\/site-2024\/?page_id=34436"},"modified":"2024-10-21T17:55:04","modified_gmt":"2024-10-21T15:55:04","slug":"trans-mission","status":"publish","type":"page","link":"https:\/\/cielamuette.com\/en\/trans-mission\/","title":{"rendered":"Transmission"},"content":{"rendered":"<p>[et_pb_section fb_built=&#8221;1&#8243; custom_padding_last_edited=&#8221;on|phone&#8221; admin_label=&#8221;About Section&#8221; module_id=&#8221;texte&#8221; module_class=&#8221;texte&#8221; _builder_version=&#8221;4.27.2&#8243; background_color=&#8221;#17657d&#8221; background_image=&#8221;https:\/\/cielamuette.com\/wp-content\/uploads\/2024\/10\/background-transmission.webp&#8221; parallax=&#8221;on&#8221; parallax_method=&#8221;off&#8221; custom_margin=&#8221;0px||||false|false&#8221; custom_margin_tablet=&#8221;-56px||||false|false&#8221; custom_margin_phone=&#8221;-56px||||false|false&#8221; custom_margin_last_edited=&#8221;on|desktop&#8221; custom_padding=&#8221;60px||40px||false|false&#8221; custom_padding_tablet=&#8221;60px||||false|false&#8221; custom_padding_phone=&#8221;40px||||false|false&#8221; animation_style=&#8221;fade&#8221; animation_direction=&#8221;bottom&#8221; animation_duration=&#8221;950ms&#8221; scroll_vertical_motion=&#8221;4|34|34|100|-0.5|0|-14.5&#8243; motion_trigger_start=&#8221;top&#8221; hover_enabled=&#8221;0&#8243; global_colors_info=&#8221;{}&#8221; title_text=&#8221;background-transmission&#8221; sticky_enabled=&#8221;0&#8243;][et_pb_row column_structure=&#8221;3_4,1_4&#8243; _builder_version=&#8221;4.27.0&#8243; _module_preset=&#8221;default&#8221; background_color=&#8221;RGBA(255,255,255,0)&#8221; width=&#8221;75%&#8221; custom_margin=&#8221;0px||0px||false|false&#8221; custom_margin_tablet=&#8221;2px||||false|false&#8221; custom_margin_phone=&#8221;10px||||false|false&#8221; custom_margin_last_edited=&#8221;on|phone&#8221; custom_padding=&#8221;0px||0px||false|false&#8221; animation_style=&#8221;slide&#8221; animation_direction=&#8221;bottom&#8221; animation_intensity_slide=&#8221;2%&#8221; global_colors_info=&#8221;{}&#8221;][et_pb_column type=&#8221;3_4&#8243; _builder_version=&#8221;4.27.0&#8243; _module_preset=&#8221;default&#8221; custom_css_main_element=&#8221;margin:auto;&#8221; global_colors_info=&#8221;{}&#8221;][et_pb_text _builder_version=&#8221;4.27.0&#8243; _module_preset=&#8221;default&#8221; text_text_color=&#8221;#FFFFFF&#8221; text_font_size=&#8221;17px&#8221; header_font=&#8221;&#8211;et_global_heading_font|||on|||||&#8221; header_text_color=&#8221;#FFFFFF&#8221; header_font_size=&#8221;35px&#8221; header_letter_spacing=&#8221;1px&#8221; header_2_font=&#8221;|600|||||||&#8221; header_2_text_color=&#8221;#FFFFFF&#8221; header_2_letter_spacing=&#8221;1px&#8221; header_2_line_height=&#8221;1.2em&#8221; header_3_font=&#8221;&#8211;et_global_heading_font|500||on|||||&#8221; header_3_text_color=&#8221;#FFFFFF&#8221; header_3_font_size=&#8221;24px&#8221; header_3_letter_spacing=&#8221;1px&#8221; header_3_line_height=&#8221;2em&#8221; header_4_text_color=&#8221;#FFFFFF&#8221; header_5_font=&#8221;&#8211;et_global_heading_font||||||||&#8221; header_5_text_color=&#8221;#FFFFFF&#8221; header_5_font_size=&#8221;17px&#8221; background_color=&#8221;RGBA(255,255,255,0)&#8221; custom_margin=&#8221;0px||||false|false&#8221; custom_margin_tablet=&#8221;0px||||false|false&#8221; custom_margin_phone=&#8221;0px||||false|false&#8221; custom_margin_last_edited=&#8221;on|phone&#8221; custom_padding=&#8221;10px|0px|0px|0px|false|false&#8221; custom_padding_tablet=&#8221;10px|0px|0px|0px|false|false&#8221; custom_padding_phone=&#8221;10px|0px|0px|0px|false|false&#8221; custom_padding_last_edited=&#8221;on|desktop&#8221; header_font_size_tablet=&#8221;25px&#8221; header_font_size_phone=&#8221;25px&#8221; header_font_size_last_edited=&#8221;on|desktop&#8221; global_colors_info=&#8221;{}&#8221;]<\/p>\n<h1>Trans\/mission<\/h1>\n<h3 style=\"text-align: justify;\"><\/h3>\n<p>[\/et_pb_text][\/et_pb_column][et_pb_column type=&#8221;1_4&#8243; _builder_version=&#8221;4.27.0&#8243; _module_preset=&#8221;default&#8221; custom_padding=&#8221;0px||0px||false|false&#8221; custom_padding_tablet=&#8221;0px||0px||false|false&#8221; custom_padding_phone=&#8221;0px||0px||false|false&#8221; custom_padding_last_edited=&#8221;on|desktop&#8221; custom_css_main_element=&#8221;margin:auto;&#8221; global_colors_info=&#8221;{}&#8221;][\/et_pb_column][\/et_pb_row][et_pb_row column_structure=&#8221;2_3,1_3&#8243; use_custom_gutter=&#8221;on&#8221; _builder_version=&#8221;4.27.0&#8243; _module_preset=&#8221;default&#8221; background_color=&#8221;RGBA(255,255,255,0)&#8221; width=&#8221;75%&#8221; custom_margin=&#8221;0px||0px||false|false&#8221; custom_padding=&#8221;0px||0px||false|false&#8221; animation_style=&#8221;slide&#8221; animation_direction=&#8221;bottom&#8221; animation_intensity_slide=&#8221;2%&#8221; global_colors_info=&#8221;{}&#8221;][et_pb_column type=&#8221;2_3&#8243; _builder_version=&#8221;4.27.0&#8243; _module_preset=&#8221;default&#8221; custom_css_main_element=&#8221;margin:auto;&#8221; global_colors_info=&#8221;{}&#8221;][et_pb_text _builder_version=&#8221;4.27.0&#8243; _module_preset=&#8221;default&#8221; text_text_color=&#8221;#FFFFFF&#8221; header_font=&#8221;&#8211;et_global_heading_font|300||on|||||&#8221; header_text_color=&#8221;#FFFFFF&#8221; header_font_size=&#8221;39px&#8221; header_letter_spacing=&#8221;1px&#8221; header_2_font=&#8221;|600|||||||&#8221; header_2_text_color=&#8221;#FFFFFF&#8221; header_2_letter_spacing=&#8221;1px&#8221; header_2_line_height=&#8221;1.2em&#8221; header_3_font=&#8221;&#8211;et_global_heading_font|500||on|||||&#8221; header_3_text_color=&#8221;#FFFFFF&#8221; header_3_font_size=&#8221;24px&#8221; header_3_letter_spacing=&#8221;1px&#8221; header_3_line_height=&#8221;2em&#8221; header_4_text_color=&#8221;#FFFFFF&#8221; header_5_font=&#8221;&#8211;et_global_heading_font||||||||&#8221; header_5_text_color=&#8221;#FFFFFF&#8221; header_5_font_size=&#8221;17px&#8221; background_color=&#8221;RGBA(255,255,255,0)&#8221; custom_margin=&#8221;0px||||false|false&#8221; custom_padding=&#8221;10px|0px|0px|0px|false|false&#8221; custom_padding_tablet=&#8221;0px|0px|0px|0px|false|false&#8221; custom_padding_phone=&#8221;0px|0px|0px|0px|false|false&#8221; custom_padding_last_edited=&#8221;on|phone&#8221; header_font_size_tablet=&#8221;39px&#8221; header_font_size_phone=&#8221;30px&#8221; header_font_size_last_edited=&#8221;on|phone&#8221; global_colors_info=&#8221;{}&#8221;]<\/p>\n<p style=\"text-align: justify;\">La compagnie accompagne des publics vari\u00e9s (enfants, adolescent\u00b7es, \u00e9tudiant\u00b7es) dans diff\u00e9rentes actions de m\u00e9diation et formation, en r\u00e9gion et \u00e0 l\u2019\u00e9chelle nationale, pour partager et promouvoir toute la richesse du th\u00e9\u00e2tre visuel et musical. Nous proposons le plus souvent dans nos cr\u00e9ations un langage singulier fond\u00e9 sur une \u00e9criture sans parole et c\u2019est aussi ce que nous transmettons dans nos approches p\u00e9dagogiques.<br \/>Nos projets d\u2019actions culturelles s\u2019articulent toujours autour de la marionnette et de la musique, que ce soit en pratique ou en construction.<\/p>\n<p style=\"text-align: justify;\">Ces ateliers nous ont permis d\u2019aborder des th\u00e9matiques sensibles comme les monstres int\u00e9rieurs, le harc\u00e8lement, le sexisme, les questions de genre. Et de transmettre nos pratiques et techniques artistiques telles que la manipulation ou la production musicale et rythmique. Ces ateliers sont men\u00e9s essentiellement par Delphine Bardot ou Santiago Moreno et sont cr\u00e9\u00e9s sur mesure.<\/p>\n<p>[\/et_pb_text][\/et_pb_column][et_pb_column type=&#8221;1_3&#8243; _builder_version=&#8221;4.27.0&#8243; _module_preset=&#8221;default&#8221; custom_css_main_element=&#8221;margin:auto;&#8221; global_colors_info=&#8221;{}&#8221;][et_pb_button button_url=&#8221;#action-cu&#8221; button_text=&#8221;Actions culturelles&#8221; _builder_version=&#8221;4.27.2&#8243; _module_preset=&#8221;default&#8221; custom_button=&#8221;on&#8221; button_text_size=&#8221;15px&#8221; button_text_color=&#8221;#17657d&#8221; button_bg_color=&#8221;#FFFFFF&#8221; button_border_width=&#8221;0px&#8221; custom_margin=&#8221;0px||4px||false|false&#8221; custom_padding=&#8221;3px||3px||false|false&#8221; hover_enabled=&#8221;0&#8243; global_colors_info=&#8221;{}&#8221; sticky_enabled=&#8221;0&#8243;][\/et_pb_button][et_pb_button button_url=&#8221;#action-ar&#8221; button_text=&#8221;Actions artistiques&#8221; _builder_version=&#8221;4.27.0&#8243; _module_preset=&#8221;default&#8221; custom_button=&#8221;on&#8221; button_text_size=&#8221;15px&#8221; button_text_color=&#8221;#17657d&#8221; button_bg_color=&#8221;#FFFFFF&#8221; button_border_width=&#8221;1px&#8221; custom_margin=&#8221;0px||4px||false|false&#8221; custom_padding=&#8221;3px||3px||false|false&#8221; global_colors_info=&#8221;{}&#8221;][\/et_pb_button][et_pb_button button_url=&#8221;#formation&#8221; button_text=&#8221;Formations pro&#8221; _builder_version=&#8221;4.27.0&#8243; _module_preset=&#8221;default&#8221; custom_button=&#8221;on&#8221; button_text_size=&#8221;15px&#8221; button_text_color=&#8221;#17657d&#8221; button_bg_color=&#8221;#FFFFFF&#8221; button_border_width=&#8221;1px&#8221; custom_margin=&#8221;0px||4px||false|false&#8221; custom_padding=&#8221;3px||3px||false|false&#8221; global_colors_info=&#8221;{}&#8221;][\/et_pb_button][\/et_pb_column][\/et_pb_row][et_pb_row column_structure=&#8221;3_4,1_4&#8243; _builder_version=&#8221;4.27.0&#8243; _module_preset=&#8221;default&#8221; background_enable_color=&#8221;off&#8221; width=&#8221;75%&#8221; custom_margin=&#8221;0px||0px||false|false&#8221; custom_padding=&#8221;10px||0px||false|false&#8221; animation_style=&#8221;slide&#8221; animation_direction=&#8221;bottom&#8221; animation_intensity_slide=&#8221;2%&#8221; global_colors_info=&#8221;{}&#8221;][et_pb_column type=&#8221;3_4&#8243; _builder_version=&#8221;4.27.0&#8243; _module_preset=&#8221;default&#8221; custom_css_main_element=&#8221;margin:auto;&#8221; global_colors_info=&#8221;{}&#8221;][et_pb_text _builder_version=&#8221;4.27.0&#8243; _module_preset=&#8221;default&#8221; header_font=&#8221;&#8211;et_global_heading_font|300||on|||||&#8221; header_text_color=&#8221;#FFFFFF&#8221; header_font_size=&#8221;32px&#8221; header_letter_spacing=&#8221;1px&#8221; header_2_font=&#8221;||||||||&#8221; header_2_text_color=&#8221;#FFFFFF&#8221; header_2_font_size=&#8221;24px&#8221; header_2_letter_spacing=&#8221;1px&#8221; header_2_line_height=&#8221;1.2em&#8221; header_3_font=&#8221;&#8211;et_global_heading_font|500||on|||||&#8221; header_3_text_color=&#8221;#FFFFFF&#8221; header_3_font_size=&#8221;24px&#8221; header_3_letter_spacing=&#8221;1px&#8221; header_3_line_height=&#8221;1.7em&#8221; header_4_text_color=&#8221;#FFFFFF&#8221; header_5_font=&#8221;&#8211;et_global_heading_font||||||||&#8221; header_5_text_color=&#8221;#FFFFFF&#8221; header_5_font_size=&#8221;17px&#8221; background_enable_color=&#8221;off&#8221; custom_margin=&#8221;0px||0px||false|false&#8221; custom_padding=&#8221;10px|0px|0px|0px|false|false&#8221; global_colors_info=&#8221;{}&#8221;][\/et_pb_text][et_pb_text _builder_version=&#8221;4.27.0&#8243; _module_preset=&#8221;default&#8221; text_text_color=&#8221;#FFFFFF&#8221; header_font=&#8221;&#8211;et_global_heading_font|300||on|||||&#8221; header_text_color=&#8221;#FFFFFF&#8221; header_font_size=&#8221;39px&#8221; header_letter_spacing=&#8221;1px&#8221; header_2_font=&#8221;|600|||||||&#8221; header_2_text_color=&#8221;#FFFFFF&#8221; header_2_letter_spacing=&#8221;1px&#8221; header_2_line_height=&#8221;1.2em&#8221; header_3_font=&#8221;&#8211;et_global_heading_font|500||on|||||&#8221; header_3_text_color=&#8221;#FFFFFF&#8221; header_3_letter_spacing=&#8221;1px&#8221; header_3_line_height=&#8221;1.3em&#8221; header_4_text_color=&#8221;#FFFFFF&#8221; header_5_font=&#8221;&#8211;et_global_heading_font||||||||&#8221; header_5_text_color=&#8221;#FFFFFF&#8221; header_5_font_size=&#8221;17px&#8221; background_color=&#8221;RGBA(255,255,255,0)&#8221; custom_margin=&#8221;0px||||false|false&#8221; custom_padding=&#8221;10px|0px|0px|0px|false|false&#8221; custom_padding_tablet=&#8221;10px|0px|0px|0px|false|false&#8221; custom_padding_phone=&#8221;10px|0px|0px|0px|false|false&#8221; custom_padding_last_edited=&#8221;on|desktop&#8221; header_font_size_tablet=&#8221;39px&#8221; header_font_size_phone=&#8221;30px&#8221; header_font_size_last_edited=&#8221;on|phone&#8221; global_colors_info=&#8221;{}&#8221;]<\/p>\n<h3 style=\"text-align: justify;\">Quelques exemples des actions ou formations men\u00e9es :<\/h3>\n<p>[\/et_pb_text][\/et_pb_column][et_pb_column type=&#8221;1_4&#8243; _builder_version=&#8221;4.27.0&#8243; _module_preset=&#8221;default&#8221; custom_css_main_element=&#8221;margin:auto;&#8221; global_colors_info=&#8221;{}&#8221;][\/et_pb_column][\/et_pb_row][et_pb_row use_custom_gutter=&#8221;on&#8221; make_equal=&#8221;on&#8221; module_id=&#8221;action-cu&#8221; _builder_version=&#8221;4.27.0&#8243; _module_preset=&#8221;default&#8221; background_color=&#8221;RGBA(255,255,255,0)&#8221; width=&#8221;75%&#8221; custom_margin=&#8221;0px||||false|false&#8221; custom_padding=&#8221;10px||10px||false|false&#8221; animation_style=&#8221;slide&#8221; animation_direction=&#8221;bottom&#8221; animation_intensity_slide=&#8221;2%&#8221; global_colors_info=&#8221;{}&#8221;][et_pb_column type=&#8221;4_4&#8243; _builder_version=&#8221;4.27.0&#8243; _module_preset=&#8221;default&#8221; background_color=&#8221;#ffffff&#8221; custom_padding=&#8221;30px|20px|30px|20px|false|false&#8221; global_colors_info=&#8221;{}&#8221;][et_pb_text _builder_version=&#8221;4.27.0&#8243; _module_preset=&#8221;default&#8221; text_line_height=&#8221;1.3em&#8221; header_font=&#8221;&#8211;et_global_heading_font|500||on|||||&#8221; header_font_size=&#8221;24px&#8221; header_letter_spacing=&#8221;1px&#8221; header_line_height=&#8221;1.4em&#8221; header_2_font=&#8221;||||||||&#8221; header_2_font_size=&#8221;22px&#8221; header_2_line_height=&#8221;1.4em&#8221; header_3_text_color=&#8221;#545454&#8243; header_4_font=&#8221;|600|||on||||&#8221; header_4_font_size=&#8221;20px&#8221; header_4_line_height=&#8221;1.4em&#8221; global_colors_info=&#8221;{}&#8221;]<\/p>\n<h2><strong>ACTIONS CULTURELLES<\/strong><br \/>AVEC DES \u00c9TABLISSEMENTS SCOLAIRES OU L\u2019ENSEIGNEMENT SUP\u00c9RIEUR<\/h2>\n<p>&nbsp;<\/p>\n<p>[\/et_pb_text][et_pb_blog fullwidth=&#8221;off&#8221; include_categories=&#8221;67&#8243; excerpt_length=&#8221;30&#8243; show_more=&#8221;on&#8221; show_author=&#8221;off&#8221; show_date=&#8221;off&#8221; show_categories=&#8221;off&#8221; show_pagination=&#8221;off&#8221; module_class=&#8221;blog&#8221; _builder_version=&#8221;4.27.0&#8243; _module_preset=&#8221;default&#8221; header_font=&#8221;&#8211;et_global_heading_font|600||on|||||&#8221; header_font_size=&#8221;20px&#8221; header_letter_spacing=&#8221;1px&#8221; header_line_height=&#8221;1.3em&#8221; body_font=&#8221;&#8211;et_global_body_font||||||||&#8221; body_line_height=&#8221;1.3em&#8221; read_more_font=&#8221;||||||||&#8221; read_more_font_size=&#8221;15px&#8221; custom_margin=&#8221;0px||0px||false|false&#8221; custom_padding=&#8221;0px||0px||false|false&#8221; global_colors_info=&#8221;{}&#8221;][\/et_pb_blog][\/et_pb_column][\/et_pb_row][et_pb_row use_custom_gutter=&#8221;on&#8221; make_equal=&#8221;on&#8221; module_id=&#8221;action-ar&#8221; _builder_version=&#8221;4.27.0&#8243; _module_preset=&#8221;default&#8221; background_color=&#8221;RGBA(255,255,255,0)&#8221; width=&#8221;75%&#8221; custom_margin=&#8221;0px||||false|false&#8221; custom_padding=&#8221;10px||10px||false|false&#8221; animation_style=&#8221;slide&#8221; animation_direction=&#8221;bottom&#8221; animation_intensity_slide=&#8221;2%&#8221; global_colors_info=&#8221;{}&#8221;][et_pb_column type=&#8221;4_4&#8243; _builder_version=&#8221;4.27.0&#8243; _module_preset=&#8221;default&#8221; background_color=&#8221;#FFFFFF&#8221; custom_padding=&#8221;30px|20px|30px|20px|false|false&#8221; global_colors_info=&#8221;{}&#8221;][et_pb_text _builder_version=&#8221;4.27.0&#8243; _module_preset=&#8221;default&#8221; text_line_height=&#8221;1.3em&#8221; header_font=&#8221;&#8211;et_global_heading_font|500||on|||||&#8221; header_font_size=&#8221;24px&#8221; header_letter_spacing=&#8221;1px&#8221; header_line_height=&#8221;1.4em&#8221; header_2_font=&#8221;||||||||&#8221; header_2_font_size=&#8221;22px&#8221; header_2_line_height=&#8221;1.4em&#8221; header_3_text_color=&#8221;#545454&#8243; header_4_font=&#8221;|600|||on||||&#8221; header_4_font_size=&#8221;20px&#8221; header_4_line_height=&#8221;1.4em&#8221; global_colors_info=&#8221;{}&#8221;]<\/p>\n<h2><b>ACTIONS ARTISTIQUES<br \/><\/b>\u00c0 DESTINATION DES FAMILLES ET DES ARTISTES AMATEUR\u00b7ICES ET PROFESSIONNEL\u00b7LES<\/h2>\n<p>[\/et_pb_text][et_pb_blog fullwidth=&#8221;off&#8221; include_categories=&#8221;66&#8243; excerpt_length=&#8221;30&#8243; show_more=&#8221;on&#8221; show_author=&#8221;off&#8221; show_date=&#8221;off&#8221; show_categories=&#8221;off&#8221; show_pagination=&#8221;off&#8221; module_class=&#8221;blog&#8221; _builder_version=&#8221;4.27.0&#8243; _module_preset=&#8221;default&#8221; header_font=&#8221;&#8211;et_global_heading_font|600||on|||||&#8221; header_font_size=&#8221;20px&#8221; header_letter_spacing=&#8221;1px&#8221; header_line_height=&#8221;1.3em&#8221; body_font=&#8221;&#8211;et_global_body_font||||||||&#8221; body_line_height=&#8221;1.3em&#8221; read_more_font=&#8221;||||||||&#8221; read_more_font_size=&#8221;15px&#8221; custom_margin=&#8221;0px||0px||false|false&#8221; custom_padding=&#8221;0px||0px||false|false&#8221; global_colors_info=&#8221;{}&#8221;][\/et_pb_blog][\/et_pb_column][\/et_pb_row][et_pb_row use_custom_gutter=&#8221;on&#8221; make_equal=&#8221;on&#8221; module_id=&#8221;formation&#8221; _builder_version=&#8221;4.27.0&#8243; _module_preset=&#8221;default&#8221; background_color=&#8221;RGBA(255,255,255,0)&#8221; width=&#8221;75%&#8221; custom_margin=&#8221;0px||||false|false&#8221; custom_padding=&#8221;10px||10px||false|false&#8221; animation_style=&#8221;slide&#8221; animation_direction=&#8221;bottom&#8221; animation_intensity_slide=&#8221;2%&#8221; global_colors_info=&#8221;{}&#8221;][et_pb_column type=&#8221;4_4&#8243; _builder_version=&#8221;4.27.0&#8243; _module_preset=&#8221;default&#8221; background_color=&#8221;#FFFFFF&#8221; custom_padding=&#8221;30px|20px|30px|20px|false|false&#8221; global_colors_info=&#8221;{}&#8221;][et_pb_text _builder_version=&#8221;4.27.0&#8243; _module_preset=&#8221;default&#8221; text_line_height=&#8221;1.3em&#8221; header_font=&#8221;&#8211;et_global_heading_font|500||on|||||&#8221; header_font_size=&#8221;24px&#8221; header_letter_spacing=&#8221;1px&#8221; header_line_height=&#8221;1.4em&#8221; header_2_font=&#8221;||||||||&#8221; header_2_font_size=&#8221;22px&#8221; header_2_line_height=&#8221;1.4em&#8221; header_3_text_color=&#8221;#545454&#8243; header_4_font=&#8221;&#8211;et_global_body_font|500|||||||&#8221; header_4_text_color=&#8221;#4f4f4f&#8221; header_4_font_size=&#8221;16px&#8221; header_4_line_height=&#8221;1.3em&#8221; width=&#8221;75%&#8221; width_tablet=&#8221;75%&#8221; width_phone=&#8221;75%&#8221; width_last_edited=&#8221;on|tablet&#8221; max_width=&#8221;100%&#8221; global_colors_info=&#8221;{}&#8221;]<\/p>\n<h2><strong>FORMATION<\/strong> POUR LES PROFESSIONNEL\u00b7LES DU SPECTACLE<\/h2>\n<p>&nbsp;<\/p>\n<h4><strong>Delphine Bardot propose des stages \u00e0 destination des professionnel\u00b7les du spectacle<\/strong><br \/>(com\u00e9dien\u00b7nes, marionnettistes, danseur\u00b7euses) pour transmettre son rapport corporel et musical \u00e0 la marionnette, ses techniques d\u00e9velopp\u00e9es au long de 20 ans de pratique et partager avec elleux ses endroits de recherche.<\/h4>\n<p>[\/et_pb_text][et_pb_blog fullwidth=&#8221;off&#8221; include_categories=&#8221;68&#8243; excerpt_length=&#8221;30&#8243; show_more=&#8221;on&#8221; show_author=&#8221;off&#8221; show_date=&#8221;off&#8221; show_categories=&#8221;off&#8221; show_pagination=&#8221;off&#8221; module_class=&#8221;blog&#8221; _builder_version=&#8221;4.27.0&#8243; _module_preset=&#8221;default&#8221; header_font=&#8221;&#8211;et_global_heading_font|600||on|||||&#8221; header_font_size=&#8221;20px&#8221; header_letter_spacing=&#8221;1px&#8221; header_line_height=&#8221;1.3em&#8221; body_font=&#8221;&#8211;et_global_body_font||||||||&#8221; body_line_height=&#8221;1.3em&#8221; read_more_font=&#8221;||||||||&#8221; read_more_font_size=&#8221;15px&#8221; custom_margin=&#8221;0px||0px||false|false&#8221; custom_padding=&#8221;0px||0px||false|false&#8221; global_colors_info=&#8221;{}&#8221;][\/et_pb_blog][\/et_pb_column][\/et_pb_row][\/et_pb_section]<\/p>\n","protected":false},"excerpt":{"rendered":"<p>Trans\/mission La compagnie accompagne des publics vari\u00e9s (enfants, adolescent\u00b7es, \u00e9tudiant\u00b7es) dans diff\u00e9rentes actions de m\u00e9diation et formation, en r\u00e9gion et \u00e0 l\u2019\u00e9chelle nationale, pour partager et promouvoir toute la richesse du th\u00e9\u00e2tre visuel et musical. Nous proposons le plus souvent dans nos cr\u00e9ations un langage singulier fond\u00e9 sur une \u00e9criture sans parole et c\u2019est aussi [&hellip;]<\/p>\n","protected":false},"author":1,"featured_media":0,"parent":0,"menu_order":0,"comment_status":"closed","ping_status":"closed","template":"","meta":{"_et_pb_use_builder":"on","_et_pb_old_content":"","_et_gb_content_width":"","footnotes":""},"class_list":["post-34436","page","type-page","status-publish","hentry"],"_links":{"self":[{"href":"https:\/\/cielamuette.com\/en\/wp-json\/wp\/v2\/pages\/34436","targetHints":{"allow":["GET"]}}],"collection":[{"href":"https:\/\/cielamuette.com\/en\/wp-json\/wp\/v2\/pages"}],"about":[{"href":"https:\/\/cielamuette.com\/en\/wp-json\/wp\/v2\/types\/page"}],"author":[{"embeddable":true,"href":"https:\/\/cielamuette.com\/en\/wp-json\/wp\/v2\/users\/1"}],"replies":[{"embeddable":true,"href":"https:\/\/cielamuette.com\/en\/wp-json\/wp\/v2\/comments?post=34436"}],"version-history":[{"count":0,"href":"https:\/\/cielamuette.com\/en\/wp-json\/wp\/v2\/pages\/34436\/revisions"}],"wp:attachment":[{"href":"https:\/\/cielamuette.com\/en\/wp-json\/wp\/v2\/media?parent=34436"}],"curies":[{"name":"wp","href":"https:\/\/api.w.org\/{rel}","templated":true}]}}